{"id":13131,"date":"2024-08-20T12:49:26","date_gmt":"2024-08-20T10:49:26","guid":{"rendered":"https:\/\/saera.eu\/fr\/?page_id=13131"},"modified":"2024-08-20T12:50:17","modified_gmt":"2024-08-20T10:50:17","slug":"offre-formative","status":"publish","type":"page","link":"https:\/\/saera.eu\/fr\/offre-formative\/","title":{"rendered":"Offre Formative"},"content":{"rendered":"\t\t<div data-elementor-type=\"wp-page\" data-elementor-id=\"13131\" class=\"elementor elementor-13131\" data-elementor-post-type=\"page\">\n\t\t\t\t\t\t<section class=\"elementor-section elementor-top-section elementor-element elementor-element-236402c7 elementor-section-boxed elementor-section-height-default elementor-section-height-default\" data-id=\"236402c7\" data-element_type=\"section\">\n\t\t\t\t\t\t<div class=\"elementor-container elementor-column-gap-default\">\n\t\t\t\t\t<div class=\"elementor-column elementor-col-50 elementor-top-column elementor-element elementor-element-59d789bf\" data-id=\"59d789bf\" data-element_type=\"column\">\n\t\t\t<div class=\"elementor-widget-wrap elementor-element-populated\">\n\t\t\t\t\t\t<div class=\"elementor-element elementor-element-75999ad elementor-widget elementor-widget-heading\" data-id=\"75999ad\" data-element_type=\"widget\" data-widget_type=\"heading.default\">\n\t\t\t\t<div class=\"elementor-widget-container\">\n\t\t\t<h2 class=\"elementor-heading-title elementor-size-medium\">CONSULTEZ NOTRE OFFRE FORMATIVE<\/h2>\t\t<\/div>\n\t\t\t\t<\/div>\n\t\t\t\t<div class=\"elementor-element elementor-element-255c42de elementor-widget elementor-widget-wp-widget-search\" data-id=\"255c42de\" data-element_type=\"widget\" data-widget_type=\"wp-widget-search.default\">\n\t\t\t\t<div class=\"elementor-widget-container\">\n\t\t\t<form role=\"search\" class=\"bs-search search-form\" method=\"get\" action=\"https:\/\/saera.eu\/fr\/\">\n    <div class=\"search-wrap\">\n    \t<label class=\"screen-reader-text\">\n    \t\tSearch for:    \t<\/label>\n        <input type=\"search\" placeholder=\"Searching...\" name=\"s\" class=\"search-input\" value=\"\" \/>\n        <button type=\"submit\"  value=\"Search\"><i class=\"flaticon-search\"><\/i><\/button>\n    <\/div>\n<\/form>\t\t<\/div>\n\t\t\t\t<\/div>\n\t\t\t\t<section class=\"elementor-section elementor-inner-section elementor-element elementor-element-3cd36da8 elementor-section-boxed elementor-section-height-default elementor-section-height-default\" data-id=\"3cd36da8\" data-element_type=\"section\">\n\t\t\t\t\t\t<div class=\"elementor-container elementor-column-gap-default\">\n\t\t\t\t\t<div class=\"elementor-column elementor-col-50 elementor-inner-column elementor-element elementor-element-30249bd8\" data-id=\"30249bd8\" data-element_type=\"column\">\n\t\t\t<div class=\"elementor-widget-wrap elementor-element-populated\">\n\t\t\t\t\t\t<div class=\"elementor-element elementor-element-5509dc04 elementor-position-top elementor-widget elementor-widget-image-box\" data-id=\"5509dc04\" data-element_type=\"widget\" data-widget_type=\"image-box.default\">\n\t\t\t\t<div class=\"elementor-widget-container\">\n\t\t\t<div class=\"elementor-image-box-wrapper\"><figure class=\"elementor-image-box-img\"><a href=\"https:\/\/saerainternational.com\/index.php\/audiologie\/\" tabindex=\"-1\"><img fetchpriority=\"high\" decoding=\"async\" width=\"2560\" height=\"991\" src=\"https:\/\/saera.eu\/fr\/wp-content\/uploads\/2024\/08\/AUDIOLOGIE-scaled-1.jpg\" class=\"elementor-animation-grow attachment-full size-full wp-image-13045\" alt=\"\" srcset=\"https:\/\/saera.eu\/fr\/wp-content\/uploads\/2024\/08\/AUDIOLOGIE-scaled-1.jpg 2560w, https:\/\/saera.eu\/fr\/wp-content\/uploads\/2024\/08\/AUDIOLOGIE-scaled-1-300x116.jpg 300w, https:\/\/saera.eu\/fr\/wp-content\/uploads\/2024\/08\/AUDIOLOGIE-scaled-1-1024x396.jpg 1024w, https:\/\/saera.eu\/fr\/wp-content\/uploads\/2024\/08\/AUDIOLOGIE-scaled-1-768x297.jpg 768w, https:\/\/saera.eu\/fr\/wp-content\/uploads\/2024\/08\/AUDIOLOGIE-scaled-1-1536x595.jpg 1536w, https:\/\/saera.eu\/fr\/wp-content\/uploads\/2024\/08\/AUDIOLOGIE-scaled-1-2048x793.jpg 2048w\" sizes=\"(max-width: 2560px) 100vw, 2560px\" \/><\/a><\/figure><\/div>\t\t<\/div>\n\t\t\t\t<\/div>\n\t\t\t\t\t<\/div>\n\t\t<\/div>\n\t\t\t\t<div class=\"elementor-column elementor-col-50 elementor-inner-column elementor-element elementor-element-440c4155\" data-id=\"440c4155\" data-element_type=\"column\">\n\t\t\t<div class=\"elementor-widget-wrap elementor-element-populated\">\n\t\t\t\t\t\t<div class=\"elementor-element elementor-element-75f55c98 elementor-position-top elementor-widget elementor-widget-image-box\" data-id=\"75f55c98\" data-element_type=\"widget\" data-widget_type=\"image-box.default\">\n\t\t\t\t<div class=\"elementor-widget-container\">\n\t\t\t<div class=\"elementor-image-box-wrapper\"><figure class=\"elementor-image-box-img\"><a href=\"https:\/\/saerainternational.com\/index.php\/optometrie\/\" tabindex=\"-1\"><img decoding=\"async\" width=\"2560\" height=\"991\" src=\"https:\/\/saera.eu\/fr\/wp-content\/uploads\/2024\/08\/OPTOMETRIE-scaled-1.jpg\" class=\"elementor-animation-grow attachment-full size-full wp-image-13047\" alt=\"\" srcset=\"https:\/\/saera.eu\/fr\/wp-content\/uploads\/2024\/08\/OPTOMETRIE-scaled-1.jpg 2560w, https:\/\/saera.eu\/fr\/wp-content\/uploads\/2024\/08\/OPTOMETRIE-scaled-1-300x116.jpg 300w, https:\/\/saera.eu\/fr\/wp-content\/uploads\/2024\/08\/OPTOMETRIE-scaled-1-1024x396.jpg 1024w, https:\/\/saera.eu\/fr\/wp-content\/uploads\/2024\/08\/OPTOMETRIE-scaled-1-768x297.jpg 768w, https:\/\/saera.eu\/fr\/wp-content\/uploads\/2024\/08\/OPTOMETRIE-scaled-1-1536x595.jpg 1536w, https:\/\/saera.eu\/fr\/wp-content\/uploads\/2024\/08\/OPTOMETRIE-scaled-1-2048x793.jpg 2048w\" sizes=\"(max-width: 2560px) 100vw, 2560px\" \/><\/a><\/figure><\/div>\t\t<\/div>\n\t\t\t\t<\/div>\n\t\t\t\t\t<\/div>\n\t\t<\/div>\n\t\t\t\t\t<\/div>\n\t\t<\/section>\n\t\t\t\t<section class=\"elementor-section elementor-inner-section elementor-element elementor-element-f8aebaa elementor-section-boxed elementor-section-height-default elementor-section-height-default\" data-id=\"f8aebaa\" data-element_type=\"section\">\n\t\t\t\t\t\t<div class=\"elementor-container elementor-column-gap-default\">\n\t\t\t\t\t<div class=\"elementor-column elementor-col-50 elementor-inner-column elementor-element elementor-element-159eb638\" data-id=\"159eb638\" data-element_type=\"column\">\n\t\t\t<div class=\"elementor-widget-wrap elementor-element-populated\">\n\t\t\t\t\t\t<div class=\"elementor-element elementor-element-2cde38ea elementor-position-top elementor-widget elementor-widget-image-box\" data-id=\"2cde38ea\" data-element_type=\"widget\" data-widget_type=\"image-box.default\">\n\t\t\t\t<div class=\"elementor-widget-container\">\n\t\t\t<div class=\"elementor-image-box-wrapper\"><figure class=\"elementor-image-box-img\"><a href=\"https:\/\/saerainternational.com\/index.php\/neurosciences\/\" tabindex=\"-1\"><img decoding=\"async\" width=\"2560\" height=\"991\" src=\"https:\/\/saera.eu\/fr\/wp-content\/uploads\/2024\/08\/NEUROSCIENCES-scaled-1.jpg\" class=\"elementor-animation-grow attachment-full size-full wp-image-13048\" alt=\"\" srcset=\"https:\/\/saera.eu\/fr\/wp-content\/uploads\/2024\/08\/NEUROSCIENCES-scaled-1.jpg 2560w, https:\/\/saera.eu\/fr\/wp-content\/uploads\/2024\/08\/NEUROSCIENCES-scaled-1-300x116.jpg 300w, https:\/\/saera.eu\/fr\/wp-content\/uploads\/2024\/08\/NEUROSCIENCES-scaled-1-1024x396.jpg 1024w, https:\/\/saera.eu\/fr\/wp-content\/uploads\/2024\/08\/NEUROSCIENCES-scaled-1-768x297.jpg 768w, https:\/\/saera.eu\/fr\/wp-content\/uploads\/2024\/08\/NEUROSCIENCES-scaled-1-1536x595.jpg 1536w, https:\/\/saera.eu\/fr\/wp-content\/uploads\/2024\/08\/NEUROSCIENCES-scaled-1-2048x793.jpg 2048w\" sizes=\"(max-width: 2560px) 100vw, 2560px\" \/><\/a><\/figure><\/div>\t\t<\/div>\n\t\t\t\t<\/div>\n\t\t\t\t\t<\/div>\n\t\t<\/div>\n\t\t\t\t<div class=\"elementor-column elementor-col-50 elementor-inner-column elementor-element elementor-element-5f513cee\" data-id=\"5f513cee\" data-element_type=\"column\">\n\t\t\t<div class=\"elementor-widget-wrap elementor-element-populated\">\n\t\t\t\t\t\t<div class=\"elementor-element elementor-element-2b984ea1 elementor-position-top elementor-widget elementor-widget-image-box\" data-id=\"2b984ea1\" data-element_type=\"widget\" data-widget_type=\"image-box.default\">\n\t\t\t\t<div class=\"elementor-widget-container\">\n\t\t\t<div class=\"elementor-image-box-wrapper\"><figure class=\"elementor-image-box-img\"><a href=\"https:\/\/saerainternational.com\/index.php\/logopedie\/\" tabindex=\"-1\"><img loading=\"lazy\" decoding=\"async\" width=\"2560\" height=\"991\" src=\"https:\/\/saera.eu\/fr\/wp-content\/uploads\/2024\/08\/LOGOPEDIE-scaled-1.jpg\" class=\"elementor-animation-grow attachment-full size-full wp-image-13051\" alt=\"\" srcset=\"https:\/\/saera.eu\/fr\/wp-content\/uploads\/2024\/08\/LOGOPEDIE-scaled-1.jpg 2560w, https:\/\/saera.eu\/fr\/wp-content\/uploads\/2024\/08\/LOGOPEDIE-scaled-1-300x116.jpg 300w, https:\/\/saera.eu\/fr\/wp-content\/uploads\/2024\/08\/LOGOPEDIE-scaled-1-1024x396.jpg 1024w, https:\/\/saera.eu\/fr\/wp-content\/uploads\/2024\/08\/LOGOPEDIE-scaled-1-768x297.jpg 768w, https:\/\/saera.eu\/fr\/wp-content\/uploads\/2024\/08\/LOGOPEDIE-scaled-1-1536x595.jpg 1536w, https:\/\/saera.eu\/fr\/wp-content\/uploads\/2024\/08\/LOGOPEDIE-scaled-1-2048x793.jpg 2048w\" sizes=\"(max-width: 2560px) 100vw, 2560px\" \/><\/a><\/figure><\/div>\t\t<\/div>\n\t\t\t\t<\/div>\n\t\t\t\t\t<\/div>\n\t\t<\/div>\n\t\t\t\t\t<\/div>\n\t\t<\/section>\n\t\t\t\t\t<\/div>\n\t\t<\/div>\n\t\t\t\t<div class=\"elementor-column elementor-col-50 elementor-top-column elementor-element elementor-element-3d19ae29\" data-id=\"3d19ae29\" data-element_type=\"column\">\n\t\t\t<div class=\"elementor-widget-wrap elementor-element-populated\">\n\t\t\t\t\t\t<section class=\"elementor-section elementor-inner-section elementor-element elementor-element-72907eb2 elementor-section-boxed elementor-section-height-default elementor-section-height-default\" data-id=\"72907eb2\" data-element_type=\"section\">\n\t\t\t\t\t\t<div class=\"elementor-container elementor-column-gap-default\">\n\t\t\t\t\t<div class=\"elementor-column elementor-col-100 elementor-inner-column elementor-element elementor-element-5d80d9ae\" data-id=\"5d80d9ae\" data-element_type=\"column\">\n\t\t\t<div class=\"elementor-widget-wrap elementor-element-populated\">\n\t\t\t\t\t\t<div class=\"elementor-element elementor-element-74852bc5 elementor-position-top elementor-widget elementor-widget-image-box\" data-id=\"74852bc5\" data-element_type=\"widget\" data-widget_type=\"image-box.default\">\n\t\t\t\t<div class=\"elementor-widget-container\">\n\t\t\t<div class=\"elementor-image-box-wrapper\"><figure class=\"elementor-image-box-img\"><img loading=\"lazy\" decoding=\"async\" width=\"150\" height=\"150\" src=\"https:\/\/saera.eu\/fr\/wp-content\/uploads\/2024\/08\/Logo_cuadrado-150x150.jpg\" class=\"attachment-thumbnail size-thumbnail wp-image-13052\" alt=\"\" srcset=\"https:\/\/saera.eu\/fr\/wp-content\/uploads\/2024\/08\/Logo_cuadrado-150x150.jpg 150w, https:\/\/saera.eu\/fr\/wp-content\/uploads\/2024\/08\/Logo_cuadrado-300x300.jpg 300w, https:\/\/saera.eu\/fr\/wp-content\/uploads\/2024\/08\/Logo_cuadrado-1024x1024.jpg 1024w, https:\/\/saera.eu\/fr\/wp-content\/uploads\/2024\/08\/Logo_cuadrado-768x768.jpg 768w, https:\/\/saera.eu\/fr\/wp-content\/uploads\/2024\/08\/Logo_cuadrado-500x500.jpg 500w, https:\/\/saera.eu\/fr\/wp-content\/uploads\/2024\/08\/Logo_cuadrado-1536x1536.jpg 1536w, https:\/\/saera.eu\/fr\/wp-content\/uploads\/2024\/08\/Logo_cuadrado-2048x2048.jpg 2048w, https:\/\/saera.eu\/fr\/wp-content\/uploads\/2024\/08\/Logo_cuadrado-120x120.jpg 120w, https:\/\/saera.eu\/fr\/wp-content\/uploads\/2024\/08\/Logo_cuadrado-220x220.jpg 220w, https:\/\/saera.eu\/fr\/wp-content\/uploads\/2024\/08\/Logo_cuadrado-390x390.jpg 390w\" sizes=\"(max-width: 150px) 100vw, 150px\" \/><\/figure><div class=\"elementor-image-box-content\"><h3 class=\"elementor-image-box-title\">Nous concernant<\/h3><p class=\"elementor-image-box-description\">Notre philosophie est d'offrir des cours de haute qualit\u00e9 adapt\u00e9s aux professionnels qui souhaitent continuer \u00e0 \u00e9tudier avec un horaire flexible.\n <\/p><\/div><\/div>\t\t<\/div>\n\t\t\t\t<\/div>\n\t\t\t\t\t<\/div>\n\t\t<\/div>\n\t\t\t\t\t<\/div>\n\t\t<\/section>\n\t\t\t\t<div class=\"elementor-element elementor-element-3450e3fc elementor-align-center elementor-widget elementor-widget-button\" data-id=\"3450e3fc\" data-element_type=\"widget\" data-widget_type=\"button.default\">\n\t\t\t\t<div class=\"elementor-widget-container\">\n\t\t\t\t\t\t\t<div class=\"elementor-button-wrapper\">\n\t\t\t\t\t<a class=\"elementor-button elementor-button-link elementor-size-xs\" href=\"https:\/\/saerainternational.com\/index.php\/information\/\">\n\t\t\t\t\t\t<span class=\"elementor-button-content-wrapper\">\n\t\t\t\t\t\t\t\t\t<span class=\"elementor-button-text\">PLUS D'INFOS<\/span>\n\t\t\t\t\t<\/span>\n\t\t\t\t\t<\/a>\n\t\t\t\t<\/div>\n\t\t\t\t\t\t<\/div>\n\t\t\t\t<\/div>\n\t\t\t\t<div class=\"elementor-element elementor-element-185eefe4 elementor-widget elementor-widget-heading\" data-id=\"185eefe4\" data-element_type=\"widget\" data-widget_type=\"heading.default\">\n\t\t\t\t<div class=\"elementor-widget-container\">\n\t\t\t<h2 class=\"elementor-heading-title elementor-size-default\">SUIVEZ-NOUS<\/h2>\t\t<\/div>\n\t\t\t\t<\/div>\n\t\t\t\t<div class=\"elementor-element elementor-element-5a236f50 elementor-shape-rounded elementor-grid-0 e-grid-align-center elementor-widget elementor-widget-social-icons\" data-id=\"5a236f50\" data-element_type=\"widget\" data-widget_type=\"social-icons.default\">\n\t\t\t\t<div class=\"elementor-widget-container\">\n\t\t\t\t\t<div class=\"elementor-social-icons-wrapper elementor-grid\">\n\t\t\t\t\t\t\t<span class=\"elementor-grid-item\">\n\t\t\t\t\t<a class=\"elementor-icon elementor-social-icon elementor-social-icon-facebook elementor-repeater-item-55faaa9\" href=\"https:\/\/www.facebook.com\/EnseignementSaera\" target=\"_blank\">\n\t\t\t\t\t\t<span class=\"elementor-screen-only\">Facebook<\/span>\n\t\t\t\t\t\t<svg class=\"e-font-icon-svg e-fab-facebook\" viewBox=\"0 0 512 512\" xmlns=\"http:\/\/www.w3.org\/2000\/svg\"><path d=\"M504 256C504 119 393 8 256 8S8 119 8 256c0 123.78 90.69 226.38 209.25 245V327.69h-63V256h63v-54.64c0-62.15 37-96.48 93.67-96.48 27.14 0 55.52 4.84 55.52 4.84v61h-31.28c-30.8 0-40.41 19.12-40.41 38.73V256h68.78l-11 71.69h-57.78V501C413.31 482.38 504 379.78 504 256z\"><\/path><\/svg>\t\t\t\t\t<\/a>\n\t\t\t\t<\/span>\n\t\t\t\t\t\t\t<span class=\"elementor-grid-item\">\n\t\t\t\t\t<a class=\"elementor-icon elementor-social-icon elementor-social-icon-linkedin elementor-repeater-item-186f794\" href=\"https:\/\/www.linkedin.com\/in\/saera-%C3%A9cole-d-enseignement-sup%C3%A9rieure-610258208\/\" target=\"_blank\">\n\t\t\t\t\t\t<span class=\"elementor-screen-only\">Linkedin<\/span>\n\t\t\t\t\t\t<svg class=\"e-font-icon-svg e-fab-linkedin\" viewBox=\"0 0 448 512\" xmlns=\"http:\/\/www.w3.org\/2000\/svg\"><path d=\"M416 32H31.9C14.3 32 0 46.5 0 64.3v383.4C0 465.5 14.3 480 31.9 480H416c17.6 0 32-14.5 32-32.3V64.3c0-17.8-14.4-32.3-32-32.3zM135.4 416H69V202.2h66.5V416zm-33.2-243c-21.3 0-38.5-17.3-38.5-38.5S80.9 96 102.2 96c21.2 0 38.5 17.3 38.5 38.5 0 21.3-17.2 38.5-38.5 38.5zm282.1 243h-66.4V312c0-24.8-.5-56.7-34.5-56.7-34.6 0-39.9 27-39.9 54.9V416h-66.4V202.2h63.7v29.2h.9c8.9-16.8 30.6-34.5 62.9-34.5 67.2 0 79.7 44.3 79.7 101.9V416z\"><\/path><\/svg>\t\t\t\t\t<\/a>\n\t\t\t\t<\/span>\n\t\t\t\t\t\t\t<span class=\"elementor-grid-item\">\n\t\t\t\t\t<a class=\"elementor-icon elementor-social-icon elementor-social-icon-twitter elementor-repeater-item-1a72ed1\" href=\"https:\/\/twitter.com\/EuSaera\" target=\"_blank\">\n\t\t\t\t\t\t<span class=\"elementor-screen-only\">Twitter<\/span>\n\t\t\t\t\t\t<svg class=\"e-font-icon-svg e-fab-twitter\" viewBox=\"0 0 512 512\" xmlns=\"http:\/\/www.w3.org\/2000\/svg\"><path d=\"M459.37 151.716c.325 4.548.325 9.097.325 13.645 0 138.72-105.583 298.558-298.558 298.558-59.452 0-114.68-17.219-161.137-47.106 8.447.974 16.568 1.299 25.34 1.299 49.055 0 94.213-16.568 130.274-44.832-46.132-.975-84.792-31.188-98.112-72.772 6.498.974 12.995 1.624 19.818 1.624 9.421 0 18.843-1.3 27.614-3.573-48.081-9.747-84.143-51.98-84.143-102.985v-1.299c13.969 7.797 30.214 12.67 47.431 13.319-28.264-18.843-46.781-51.005-46.781-87.391 0-19.492 5.197-37.36 14.294-52.954 51.655 63.675 129.3 105.258 216.365 109.807-1.624-7.797-2.599-15.918-2.599-24.04 0-57.828 46.782-104.934 104.934-104.934 30.213 0 57.502 12.67 76.67 33.137 23.715-4.548 46.456-13.32 66.599-25.34-7.798 24.366-24.366 44.833-46.132 57.827 21.117-2.273 41.584-8.122 60.426-16.243-14.292 20.791-32.161 39.308-52.628 54.253z\"><\/path><\/svg>\t\t\t\t\t<\/a>\n\t\t\t\t<\/span>\n\t\t\t\t\t<\/div>\n\t\t\t\t<\/div>\n\t\t\t\t<\/div>\n\t\t\t\t\t<\/div>\n\t\t<\/div>\n\t\t\t\t\t<\/div>\n\t\t<\/section>\n\t\t\t\t<section class=\"elementor-section elementor-top-section elementor-element elementor-element-3d5680f1 elementor-section-height-min-height elementor-section-boxed elementor-section-height-default elementor-section-items-middle\" data-id=\"3d5680f1\" data-element_type=\"section\" data-settings=\"{&quot;background_background&quot;:&quot;classic&quot;}\">\n\t\t\t\t\t\t\t<div class=\"elementor-background-overlay\"><\/div>\n\t\t\t\t\t\t\t<div class=\"elementor-container elementor-column-gap-default\">\n\t\t\t\t\t<div class=\"elementor-column elementor-col-100 elementor-top-column elementor-element elementor-element-7105fd83\" data-id=\"7105fd83\" data-element_type=\"column\">\n\t\t\t<div class=\"elementor-widget-wrap elementor-element-populated\">\n\t\t\t\t\t\t<div class=\"elementor-element elementor-element-b128946 elementor-widget elementor-widget-heading\" data-id=\"b128946\" data-element_type=\"widget\" data-widget_type=\"heading.default\">\n\t\t\t\t<div class=\"elementor-widget-container\">\n\t\t\t<h2 class=\"elementor-heading-title elementor-size-large\">Inscrivez-vous d\u00e8s maintenant<\/h2>\t\t<\/div>\n\t\t\t\t<\/div>\n\t\t\t\t<div class=\"elementor-element elementor-element-73d2e457 elementor-widget elementor-widget-heading\" data-id=\"73d2e457\" data-element_type=\"widget\" data-widget_type=\"heading.default\">\n\t\t\t\t<div class=\"elementor-widget-container\">\n\t\t\t<p class=\"elementor-heading-title elementor-size-medium\">Ne permettez pas \u00e0 votre emploi du temps charg\u00e9 de vous emp\u00eacher de poursuivre votre formation.<\/p>\t\t<\/div>\n\t\t\t\t<\/div>\n\t\t\t\t<div class=\"elementor-element elementor-element-577a702f elementor-button-info elementor-align-center elementor-widget elementor-widget-button\" data-id=\"577a702f\" data-element_type=\"widget\" data-widget_type=\"button.default\">\n\t\t\t\t<div class=\"elementor-widget-container\">\n\t\t\t\t\t\t\t<div class=\"elementor-button-wrapper\">\n\t\t\t\t\t<a class=\"elementor-button elementor-button-link elementor-size-sm\" href=\"https:\/\/saerainternational.com\/index.php\/contactez-nous\/\">\n\t\t\t\t\t\t<span class=\"elementor-button-content-wrapper\">\n\t\t\t\t\t\t\t\t\t<span class=\"elementor-button-text\">CONTACTEZ - NOUS<\/span>\n\t\t\t\t\t<\/span>\n\t\t\t\t\t<\/a>\n\t\t\t\t<\/div>\n\t\t\t\t\t\t<\/div>\n\t\t\t\t<\/div>\n\t\t\t\t\t<\/div>\n\t\t<\/div>\n\t\t\t\t\t<\/div>\n\t\t<\/section>\n\t\t\t\t<\/div>\n\t\t","protected":false},"excerpt":{"rendered":"<p>CONSULTEZ NOTRE OFFRE FORMATIVE Nous concernant Notre philosophie est d&#8217;offrir des cours de haute qualit\u00e9 adapt\u00e9s aux professionnels qui souhaitent&#8230;<\/p>\n","protected":false},"author":1,"featured_media":0,"parent":0,"menu_order":0,"comment_status":"closed","ping_status":"closed","template":"elementor_header_footer","meta":{"footnotes":""},"class_list":["post-13131","page","type-page","status-publish","hentry"],"yoast_head":"<!-- This site is optimized with the Yoast SEO plugin v27.4 - https:\/\/yoast.com\/product\/yoast-seo-wordpress\/ -->\n<title>Offre Formative - Saera FR<\/title>\n<meta name=\"robots\" content=\"index, follow, max-snippet:-1, max-image-preview:large, max-video-preview:-1\" \/>\n<link rel=\"canonical\" href=\"https:\/\/saera.eu\/fr\/offre-formative\/\" \/>\n<meta property=\"og:locale\" content=\"fr_FR\" \/>\n<meta property=\"og:type\" content=\"article\" \/>\n<meta property=\"og:title\" content=\"Offre Formative - Saera FR\" \/>\n<meta property=\"og:description\" content=\"CONSULTEZ NOTRE OFFRE FORMATIVE Nous concernant Notre philosophie est d&#8217;offrir des cours de haute qualit\u00e9 adapt\u00e9s aux professionnels qui souhaitent...\" \/>\n<meta property=\"og:url\" content=\"https:\/\/saera.eu\/fr\/offre-formative\/\" \/>\n<meta property=\"og:site_name\" content=\"Saera FR\" \/>\n<meta property=\"article:modified_time\" content=\"2024-08-20T10:50:17+00:00\" \/>\n<meta property=\"og:image\" content=\"https:\/\/saera.eu\/fr\/wp-content\/uploads\/2024\/08\/AUDIOLOGIE-scaled-1.jpg\" \/>\n<meta name=\"twitter:card\" content=\"summary_large_image\" \/>\n<script type=\"application\/ld+json\" class=\"yoast-schema-graph\">{\"@context\":\"https:\\\/\\\/schema.org\",\"@graph\":[{\"@type\":\"WebPage\",\"@id\":\"https:\\\/\\\/saera.eu\\\/fr\\\/offre-formative\\\/\",\"url\":\"https:\\\/\\\/saera.eu\\\/fr\\\/offre-formative\\\/\",\"name\":\"Offre Formative - Saera FR\",\"isPartOf\":{\"@id\":\"https:\\\/\\\/saera.eu\\\/fr\\\/#website\"},\"primaryImageOfPage\":{\"@id\":\"https:\\\/\\\/saera.eu\\\/fr\\\/offre-formative\\\/#primaryimage\"},\"image\":{\"@id\":\"https:\\\/\\\/saera.eu\\\/fr\\\/offre-formative\\\/#primaryimage\"},\"thumbnailUrl\":\"https:\\\/\\\/saera.eu\\\/fr\\\/wp-content\\\/uploads\\\/2024\\\/08\\\/AUDIOLOGIE-scaled-1.jpg\",\"datePublished\":\"2024-08-20T10:49:26+00:00\",\"dateModified\":\"2024-08-20T10:50:17+00:00\",\"breadcrumb\":{\"@id\":\"https:\\\/\\\/saera.eu\\\/fr\\\/offre-formative\\\/#breadcrumb\"},\"inLanguage\":\"fr-FR\",\"potentialAction\":[{\"@type\":\"ReadAction\",\"target\":[\"https:\\\/\\\/saera.eu\\\/fr\\\/offre-formative\\\/\"]}]},{\"@type\":\"ImageObject\",\"inLanguage\":\"fr-FR\",\"@id\":\"https:\\\/\\\/saera.eu\\\/fr\\\/offre-formative\\\/#primaryimage\",\"url\":\"https:\\\/\\\/saera.eu\\\/fr\\\/wp-content\\\/uploads\\\/2024\\\/08\\\/AUDIOLOGIE-scaled-1.jpg\",\"contentUrl\":\"https:\\\/\\\/saera.eu\\\/fr\\\/wp-content\\\/uploads\\\/2024\\\/08\\\/AUDIOLOGIE-scaled-1.jpg\",\"width\":2560,\"height\":991},{\"@type\":\"BreadcrumbList\",\"@id\":\"https:\\\/\\\/saera.eu\\\/fr\\\/offre-formative\\\/#breadcrumb\",\"itemListElement\":[{\"@type\":\"ListItem\",\"position\":1,\"name\":\"Portada\",\"item\":\"https:\\\/\\\/saera.eu\\\/fr\\\/\"},{\"@type\":\"ListItem\",\"position\":2,\"name\":\"Offre Formative\"}]},{\"@type\":\"WebSite\",\"@id\":\"https:\\\/\\\/saera.eu\\\/fr\\\/#website\",\"url\":\"https:\\\/\\\/saera.eu\\\/fr\\\/\",\"name\":\"Saera FR\",\"description\":\"\u00c9cole Sup\u00e9rieure de Formation\",\"potentialAction\":[{\"@type\":\"SearchAction\",\"target\":{\"@type\":\"EntryPoint\",\"urlTemplate\":\"https:\\\/\\\/saera.eu\\\/fr\\\/?s={search_term_string}\"},\"query-input\":{\"@type\":\"PropertyValueSpecification\",\"valueRequired\":true,\"valueName\":\"search_term_string\"}}],\"inLanguage\":\"fr-FR\"}]}<\/script>\n<!-- \/ Yoast SEO plugin. -->","yoast_head_json":{"title":"Offre Formative - Saera FR","robots":{"index":"index","follow":"follow","max-snippet":"max-snippet:-1","max-image-preview":"max-image-preview:large","max-video-preview":"max-video-preview:-1"},"canonical":"https:\/\/saera.eu\/fr\/offre-formative\/","og_locale":"fr_FR","og_type":"article","og_title":"Offre Formative - Saera FR","og_description":"CONSULTEZ NOTRE OFFRE FORMATIVE Nous concernant Notre philosophie est d&#8217;offrir des cours de haute qualit\u00e9 adapt\u00e9s aux professionnels qui souhaitent...","og_url":"https:\/\/saera.eu\/fr\/offre-formative\/","og_site_name":"Saera FR","article_modified_time":"2024-08-20T10:50:17+00:00","og_image":[{"url":"https:\/\/saera.eu\/fr\/wp-content\/uploads\/2024\/08\/AUDIOLOGIE-scaled-1.jpg","type":"","width":"","height":""}],"twitter_card":"summary_large_image","schema":{"@context":"https:\/\/schema.org","@graph":[{"@type":"WebPage","@id":"https:\/\/saera.eu\/fr\/offre-formative\/","url":"https:\/\/saera.eu\/fr\/offre-formative\/","name":"Offre Formative - Saera FR","isPartOf":{"@id":"https:\/\/saera.eu\/fr\/#website"},"primaryImageOfPage":{"@id":"https:\/\/saera.eu\/fr\/offre-formative\/#primaryimage"},"image":{"@id":"https:\/\/saera.eu\/fr\/offre-formative\/#primaryimage"},"thumbnailUrl":"https:\/\/saera.eu\/fr\/wp-content\/uploads\/2024\/08\/AUDIOLOGIE-scaled-1.jpg","datePublished":"2024-08-20T10:49:26+00:00","dateModified":"2024-08-20T10:50:17+00:00","breadcrumb":{"@id":"https:\/\/saera.eu\/fr\/offre-formative\/#breadcrumb"},"inLanguage":"fr-FR","potentialAction":[{"@type":"ReadAction","target":["https:\/\/saera.eu\/fr\/offre-formative\/"]}]},{"@type":"ImageObject","inLanguage":"fr-FR","@id":"https:\/\/saera.eu\/fr\/offre-formative\/#primaryimage","url":"https:\/\/saera.eu\/fr\/wp-content\/uploads\/2024\/08\/AUDIOLOGIE-scaled-1.jpg","contentUrl":"https:\/\/saera.eu\/fr\/wp-content\/uploads\/2024\/08\/AUDIOLOGIE-scaled-1.jpg","width":2560,"height":991},{"@type":"BreadcrumbList","@id":"https:\/\/saera.eu\/fr\/offre-formative\/#breadcrumb","itemListElement":[{"@type":"ListItem","position":1,"name":"Portada","item":"https:\/\/saera.eu\/fr\/"},{"@type":"ListItem","position":2,"name":"Offre Formative"}]},{"@type":"WebSite","@id":"https:\/\/saera.eu\/fr\/#website","url":"https:\/\/saera.eu\/fr\/","name":"Saera FR","description":"\u00c9cole Sup\u00e9rieure de Formation","potentialAction":[{"@type":"SearchAction","target":{"@type":"EntryPoint","urlTemplate":"https:\/\/saera.eu\/fr\/?s={search_term_string}"},"query-input":{"@type":"PropertyValueSpecification","valueRequired":true,"valueName":"search_term_string"}}],"inLanguage":"fr-FR"}]}},"_links":{"self":[{"href":"https:\/\/saera.eu\/fr\/wp-json\/wp\/v2\/pages\/13131","targetHints":{"allow":["GET"]}}],"collection":[{"href":"https:\/\/saera.eu\/fr\/wp-json\/wp\/v2\/pages"}],"about":[{"href":"https:\/\/saera.eu\/fr\/wp-json\/wp\/v2\/types\/page"}],"author":[{"embeddable":true,"href":"https:\/\/saera.eu\/fr\/wp-json\/wp\/v2\/users\/1"}],"replies":[{"embeddable":true,"href":"https:\/\/saera.eu\/fr\/wp-json\/wp\/v2\/comments?post=13131"}],"version-history":[{"count":4,"href":"https:\/\/saera.eu\/fr\/wp-json\/wp\/v2\/pages\/13131\/revisions"}],"predecessor-version":[{"id":13143,"href":"https:\/\/saera.eu\/fr\/wp-json\/wp\/v2\/pages\/13131\/revisions\/13143"}],"wp:attachment":[{"href":"https:\/\/saera.eu\/fr\/wp-json\/wp\/v2\/media?parent=13131"}],"curies":[{"name":"wp","href":"https:\/\/api.w.org\/{rel}","templated":true}]}}