{"id":13106,"date":"2024-08-20T12:46:53","date_gmt":"2024-08-20T10:46:53","guid":{"rendered":"https:\/\/saera.eu\/fr\/?page_id=13106"},"modified":"2026-03-05T11:57:14","modified_gmt":"2026-03-05T10:57:14","slug":"nos-diplomes","status":"publish","type":"page","link":"https:\/\/saera.eu\/fr\/nos-diplomes\/","title":{"rendered":"Nos dipl\u00f4mes"},"content":{"rendered":"\t\t<div data-elementor-type=\"wp-page\" data-elementor-id=\"13106\" class=\"elementor elementor-13106\" data-elementor-post-type=\"page\">\n\t\t\t\t<div class=\"elementor-element elementor-element-7b5c5d57 e-flex e-con-boxed e-con e-parent\" data-id=\"7b5c5d57\" data-element_type=\"container\">\n\t\t\t\t\t<div class=\"e-con-inner\">\n\t\t\t\t<div class=\"elementor-element elementor-element-76146129 elementor-widget elementor-widget-text-editor\" data-id=\"76146129\" data-element_type=\"widget\" data-widget_type=\"text-editor.default\">\n\t\t\t\t<div class=\"elementor-widget-container\">\n\t\t\t\t\t\t\t<p>Lors de l&#8217;inscription, les \u00e9tudiants doivent choisir l&#8217;une des modalit\u00e9s de certification suivantes.\u00a0<\/p>\t\t\t\t\t\t<\/div>\n\t\t\t\t<\/div>\n\t\t\t\t<div class=\"elementor-element elementor-element-17d01243 elementor-widget elementor-widget-heading\" data-id=\"17d01243\" data-element_type=\"widget\" data-widget_type=\"heading.default\">\n\t\t\t\t<div class=\"elementor-widget-container\">\n\t\t\t<h3 class=\"elementor-heading-title elementor-size-default\">Dipl\u00f4me de SAERA<\/h3>\t\t<\/div>\n\t\t\t\t<\/div>\n\t\t\t\t\t<\/div>\n\t\t\t\t<\/div>\n\t\t<div class=\"elementor-element elementor-element-46eff825 e-flex e-con-boxed e-con e-parent\" data-id=\"46eff825\" data-element_type=\"container\">\n\t\t\t\t\t<div class=\"e-con-inner\">\n\t\t\t\t<div class=\"elementor-element elementor-element-7e360ebe elementor-widget elementor-widget-text-editor\" data-id=\"7e360ebe\" data-element_type=\"widget\" data-widget_type=\"text-editor.default\">\n\t\t\t\t<div class=\"elementor-widget-container\">\n\t\t\t\t\t\t\t<p style=\"text-align: justify;\">L&#8217;\u00c9cole d&#8217;Enseignement Sup\u00e9rieur SAERA d\u00e9livre un dipl\u00f4me de fin d&#8217;\u00e9tudes qui comprend le nom de l&#8217;\u00e9tudiant, le programme de formation suivi, la dur\u00e9e et la date d&#8217;ach\u00e8vement des \u00e9tudes. Le dipl\u00f4me sera d\u00e9livr\u00e9 gratuitement en format num\u00e9rique et sous forme papier, des frais d&#8217;impression et de livraison seront major\u00e9s.\u00a0<\/p><p style=\"text-align: justify;\">Mod\u00e8le du Dipl\u00f4me d\u00e9livr\u00e9 par SAERA\u00a0:<\/p>\t\t\t\t\t\t<\/div>\n\t\t\t\t<\/div>\n\t\t\t\t\t<\/div>\n\t\t\t\t<\/div>\n\t\t<div class=\"elementor-element elementor-element-7f3bbd3b e-flex e-con-boxed e-con e-parent\" data-id=\"7f3bbd3b\" data-element_type=\"container\">\n\t\t\t\t\t<div class=\"e-con-inner\">\n\t\t\t\t<div class=\"elementor-element elementor-element-7fc5eea7 elementor-widget elementor-widget-image\" data-id=\"7fc5eea7\" data-element_type=\"widget\" data-widget_type=\"image.default\">\n\t\t\t\t<div class=\"elementor-widget-container\">\n\t\t\t\t\t\t\t\t\t\t\t\t\t<img fetchpriority=\"high\" decoding=\"async\" width=\"640\" height=\"229\" src=\"https:\/\/saera.eu\/fr\/wp-content\/uploads\/2024\/08\/SAERA_fr2-2.jpg\" class=\"attachment-large size-large wp-image-13097\" alt=\"\" srcset=\"https:\/\/saera.eu\/fr\/wp-content\/uploads\/2024\/08\/SAERA_fr2-2.jpg 1008w, https:\/\/saera.eu\/fr\/wp-content\/uploads\/2024\/08\/SAERA_fr2-2-300x107.jpg 300w, https:\/\/saera.eu\/fr\/wp-content\/uploads\/2024\/08\/SAERA_fr2-2-768x274.jpg 768w\" sizes=\"(max-width: 640px) 100vw, 640px\" \/>\t\t\t\t\t\t\t\t\t\t\t\t\t<\/div>\n\t\t\t\t<\/div>\n\t\t\t\t\t<\/div>\n\t\t\t\t<\/div>\n\t\t<div class=\"elementor-element elementor-element-615269f6 e-flex e-con-boxed e-con e-parent\" data-id=\"615269f6\" data-element_type=\"container\">\n\t\t\t\t\t<div class=\"e-con-inner\">\n\t\t\t\t<div class=\"elementor-element elementor-element-400c37c7 elementor-widget elementor-widget-spacer\" data-id=\"400c37c7\" data-element_type=\"widget\" data-widget_type=\"spacer.default\">\n\t\t\t\t<div class=\"elementor-widget-container\">\n\t\t\t\t\t<div class=\"elementor-spacer\">\n\t\t\t<div class=\"elementor-spacer-inner\"><\/div>\n\t\t<\/div>\n\t\t\t\t<\/div>\n\t\t\t\t<\/div>\n\t\t\t\t<div class=\"elementor-element elementor-element-6724b5e elementor-widget elementor-widget-heading\" data-id=\"6724b5e\" data-element_type=\"widget\" data-widget_type=\"heading.default\">\n\t\t\t\t<div class=\"elementor-widget-container\">\n\t\t\t<h3 class=\"elementor-heading-title elementor-size-default\">Dipl\u00f4me de Lucentum Universitas<\/h3>\t\t<\/div>\n\t\t\t\t<\/div>\n\t\t\t\t\t<\/div>\n\t\t\t\t<\/div>\n\t\t<div class=\"elementor-element elementor-element-c09078b e-flex e-con-boxed e-con e-parent\" data-id=\"c09078b\" data-element_type=\"container\">\n\t\t\t\t\t<div class=\"e-con-inner\">\n\t\t\t\t<div class=\"elementor-element elementor-element-b5e061e elementor-widget elementor-widget-text-editor\" data-id=\"b5e061e\" data-element_type=\"widget\" data-widget_type=\"text-editor.default\">\n\t\t\t\t<div class=\"elementor-widget-container\">\n\t\t\t\t\t\t\t<p style=\"text-align: justify;\">Lucentum Universitas est une institution am\u00e9ricaine, bas\u00e9e dans la ville de Miami (Floride), sp\u00e9cialis\u00e9e dans le conseil acad\u00e9mique aupr\u00e8s d\u2019\u00c9coles d\u2019Enseignement Sup\u00e9rieur ou d\u2019Universit\u00e9s du monde entier. Parmi ses fonctions figure la v\u00e9rification de la qualit\u00e9 \u00e9ducative fournie par des \u00e9coles de troisi\u00e8me cycle, telles que SAERA, ainsi que l\u2019\u00e9mission de rapports ou de certificats destin\u00e9s aux \u00e9tudiants, indiquant si les standards internationaux de qualit\u00e9 sont respect\u00e9s.<\/p><p style=\"text-align: justify;\">Dans le cas sp\u00e9cifique des cours suivis aupr\u00e8s de SAERA, Lucentum Universitas \u00e9valuera l\u2019activit\u00e9 r\u00e9alis\u00e9e et, si les exigences de qualit\u00e9 sont remplies, un Certificat au format num\u00e9rique sera d\u00e9livr\u00e9 aux \u00e9tudiants, comme illustr\u00e9 ci-dessous.<\/p><p style=\"text-align: justify;\">Mod\u00e8le du Dipl\u00f4me d\u00e9livr\u00e9 par SAERA\u00a0:<\/p><table id=\"m_-7331629728845796229gmail-datatable-4833441\" role=\"grid\"><thead><tr role=\"row\"><th style=\"text-align: center;\" colspan=\"1\" rowspan=\"1\">Master<\/th><th style=\"text-align: center;\" colspan=\"1\" rowspan=\"1\">Expert<\/th><th style=\"text-align: center;\" colspan=\"1\" rowspan=\"1\">Cours<\/th><\/tr><\/thead><tbody><tr role=\"row\"><td style=\"text-align: center;\">300 \u20ac<\/td><td style=\"text-align: center;\">120 \u20ac<\/td><td style=\"text-align: center;\">30 \u20ac<\/td><\/tr><\/tbody><\/table><p><strong>Attention<\/strong>\u00a0: il n\u2019est pas possible d\u2019obtenir l\u2019Apostille de La Haye pour le dipl\u00f4me d\u00e9livr\u00e9 par\u00a0<strong>Lucentum Universitas<\/strong>.<\/p>\t\t\t\t\t\t<\/div>\n\t\t\t\t<\/div>\n\t\t\t\t\t<\/div>\n\t\t\t\t<\/div>\n\t\t<div class=\"elementor-element elementor-element-fa660ea e-flex e-con-boxed e-con e-parent\" data-id=\"fa660ea\" data-element_type=\"container\">\n\t\t\t\t\t<div class=\"e-con-inner\">\n\t\t\t\t<div class=\"elementor-element elementor-element-184d3d5 elementor-widget elementor-widget-image\" data-id=\"184d3d5\" data-element_type=\"widget\" data-widget_type=\"image.default\">\n\t\t\t\t<div class=\"elementor-widget-container\">\n\t\t\t\t\t\t\t\t\t\t\t\t\t<img decoding=\"async\" width=\"640\" height=\"229\" src=\"https:\/\/saera.eu\/fr\/wp-content\/uploads\/2024\/08\/LucentumUniversitas_fr.jpg\" class=\"attachment-large size-large wp-image-13098\" alt=\"\" srcset=\"https:\/\/saera.eu\/fr\/wp-content\/uploads\/2024\/08\/LucentumUniversitas_fr.jpg 1008w, https:\/\/saera.eu\/fr\/wp-content\/uploads\/2024\/08\/LucentumUniversitas_fr-300x107.jpg 300w, https:\/\/saera.eu\/fr\/wp-content\/uploads\/2024\/08\/LucentumUniversitas_fr-768x274.jpg 768w\" sizes=\"(max-width: 640px) 100vw, 640px\" \/>\t\t\t\t\t\t\t\t\t\t\t\t\t<\/div>\n\t\t\t\t<\/div>\n\t\t\t\t\t<\/div>\n\t\t\t\t<\/div>\n\t\t<div class=\"elementor-element elementor-element-7637e461 e-flex e-con-boxed e-con e-parent\" data-id=\"7637e461\" data-element_type=\"container\">\n\t\t\t\t\t<div class=\"e-con-inner\">\n\t\t\t\t<div class=\"elementor-element elementor-element-1385f414 elementor-widget elementor-widget-heading\" data-id=\"1385f414\" data-element_type=\"widget\" data-widget_type=\"heading.default\">\n\t\t\t\t<div class=\"elementor-widget-container\">\n\t\t\t<h3 class=\"elementor-heading-title elementor-size-default\">Dipl\u00f4me de l'Universit\u00e9 Isabel I<\/h3>\t\t<\/div>\n\t\t\t\t<\/div>\n\t\t\t\t<div class=\"elementor-element elementor-element-4ed4ce81 elementor-widget elementor-widget-text-editor\" data-id=\"4ed4ce81\" data-element_type=\"widget\" data-widget_type=\"text-editor.default\">\n\t\t\t\t<div class=\"elementor-widget-container\">\n\t\t\t\t\t\t\t<p style=\"text-align: justify;\">La&nbsp;<strong><a href=\"https:\/\/www.ui1.es\/\">Universidad Isabel I<\/a><\/strong> de Castilla est une universit\u00e9 priv\u00e9e espagnole dont le si\u00e8ge se trouve \u00e0 Burgos, qui propose diff\u00e9rents dipl\u00f4mes de Licence et de Master, et qui d\u00e9livre \u00e9galement des certifications sur la qualit\u00e9 de la formation dispens\u00e9e par SAERA.<\/p>\n<p style=\"text-align: justify;\">Bien qu&#8217;il s&#8217;agisse de l&#8217;option la plus co\u00fbteuse pour l&#8217;\u00e9tudiant, c&#8217;est celle que nous recommandons au cas o\u00f9 vous souhaiteriez obtenir un certain type de reconnaissance administrative (agences d&#8217;accr\u00e9ditation, organismes publics, concours, etc.)<\/p>\n<p style=\"text-align: justify;\">Le dipl\u00f4me sera d\u00e9livr\u00e9 sur papier si le programme correspond \u00e0 un Master ou \u00e0 un Cours d&#8217;Expert. Si l&#8217;\u00e9tudiant a suivi un Cours d&#8217;un mois, il sera d\u00e9livr\u00e9 en format num\u00e9rique (sauf indication contraire au moment de l&#8217;inscription).<\/p>\n<p style=\"text-align: justify;\">Si l&#8217;\u00e9tudiant opte pour ce dipl\u00f4me, il devra assumer le co\u00fbt suppl\u00e9mentaire suivant :<\/p>\n<table id=\"m_-7331629728845796229gmail-datatable-4833441\" role=\"grid\">\n<thead>\n<tr role=\"row\">\n<th style=\"text-align: center;\" colspan=\"1\" rowspan=\"1\">Master<\/th>\n<th style=\"text-align: center;\" colspan=\"1\" rowspan=\"1\">Expert<\/th>\n<th style=\"text-align: center;\" colspan=\"1\" rowspan=\"1\">Cours<\/th>\n<\/tr>\n<\/thead>\n<tbody>\n<tr role=\"row\">\n<td style=\"text-align: center;\">770 \u20ac<\/td>\n<td style=\"text-align: center;\">290 \u20ac<\/td>\n<td style=\"text-align: center;\">70 \u20ac<\/td>\n<\/tr>\n<\/tbody>\n<\/table>\n<p>Mod\u00e8le du Dipl\u00f4me d\u00e9livr\u00e9 par L\u2019Universit\u00e9 Isabel I :<\/p>\t\t\t\t\t\t<\/div>\n\t\t\t\t<\/div>\n\t\t\t\t\t<\/div>\n\t\t\t\t<\/div>\n\t\t<div class=\"elementor-element elementor-element-4206724c e-flex e-con-boxed e-con e-parent\" data-id=\"4206724c\" data-element_type=\"container\">\n\t\t\t\t\t<div class=\"e-con-inner\">\n\t\t\t\t<div class=\"elementor-element elementor-element-277973f2 elementor-widget elementor-widget-image\" data-id=\"277973f2\" data-element_type=\"widget\" data-widget_type=\"image.default\">\n\t\t\t\t<div class=\"elementor-widget-container\">\n\t\t\t\t\t\t\t\t\t\t\t\t\t<img decoding=\"async\" width=\"640\" height=\"229\" src=\"https:\/\/saera.eu\/fr\/wp-content\/uploads\/2024\/08\/UIsabel_fr2.jpg\" class=\"attachment-large size-large wp-image-13099\" alt=\"\" srcset=\"https:\/\/saera.eu\/fr\/wp-content\/uploads\/2024\/08\/UIsabel_fr2.jpg 1008w, https:\/\/saera.eu\/fr\/wp-content\/uploads\/2024\/08\/UIsabel_fr2-300x107.jpg 300w, https:\/\/saera.eu\/fr\/wp-content\/uploads\/2024\/08\/UIsabel_fr2-768x274.jpg 768w\" sizes=\"(max-width: 640px) 100vw, 640px\" \/>\t\t\t\t\t\t\t\t\t\t\t\t\t<\/div>\n\t\t\t\t<\/div>\n\t\t\t\t\t<\/div>\n\t\t\t\t<\/div>\n\t\t<div class=\"elementor-element elementor-element-610adcb8 e-flex e-con-boxed e-con e-parent\" data-id=\"610adcb8\" data-element_type=\"container\">\n\t\t\t\t\t<div class=\"e-con-inner\">\n\t\t\t\t<div class=\"elementor-element elementor-element-4a8f78f2 elementor-widget elementor-widget-spacer\" data-id=\"4a8f78f2\" data-element_type=\"widget\" data-widget_type=\"spacer.default\">\n\t\t\t\t<div class=\"elementor-widget-container\">\n\t\t\t\t\t<div class=\"elementor-spacer\">\n\t\t\t<div class=\"elementor-spacer-inner\"><\/div>\n\t\t<\/div>\n\t\t\t\t<\/div>\n\t\t\t\t<\/div>\n\t\t\t\t<div class=\"elementor-element elementor-element-f682072 elementor-widget elementor-widget-text-editor\" data-id=\"f682072\" data-element_type=\"widget\" data-widget_type=\"text-editor.default\">\n\t\t\t\t<div class=\"elementor-widget-container\">\n\t\t\t\t\t\t\t<p style=\"text-align: justify;\"><strong>Le choix du dipl\u00f4me doit \u00eatre communiqu\u00e9 au moment de l\u2019inscription et, une fois la modalit\u00e9 de certification choisie, il ne sera plus possible de la modifier par la suite.<\/strong><\/p>\t\t\t\t\t\t<\/div>\n\t\t\t\t<\/div>\n\t\t\t\t\t<\/div>\n\t\t\t\t<\/div>\n\t\t\t\t<\/div>\n\t\t","protected":false},"excerpt":{"rendered":"<p>Lors de l&#8217;inscription, les \u00e9tudiants doivent choisir l&#8217;une des modalit\u00e9s de certification suivantes.\u00a0 Dipl\u00f4me de SAERA L&#8217;\u00c9cole d&#8217;Enseignement Sup\u00e9rieur SAERA&#8230;<\/p>\n","protected":false},"author":1,"featured_media":0,"parent":0,"menu_order":0,"comment_status":"closed","ping_status":"closed","template":"elementor_header_footer","meta":{"footnotes":""},"class_list":["post-13106","page","type-page","status-publish","hentry"],"yoast_head":"<!-- This site is optimized with the Yoast SEO plugin v27.4 - https:\/\/yoast.com\/product\/yoast-seo-wordpress\/ -->\n<title>Nos dipl\u00f4mes - Saera FR<\/title>\n<meta name=\"robots\" content=\"index, follow, max-snippet:-1, max-image-preview:large, max-video-preview:-1\" \/>\n<link rel=\"canonical\" href=\"https:\/\/saera.eu\/fr\/nos-diplomes\/\" \/>\n<meta property=\"og:locale\" content=\"fr_FR\" \/>\n<meta property=\"og:type\" content=\"article\" \/>\n<meta property=\"og:title\" content=\"Nos dipl\u00f4mes - Saera FR\" \/>\n<meta property=\"og:description\" content=\"Lors de l&#8217;inscription, les \u00e9tudiants doivent choisir l&#8217;une des modalit\u00e9s de certification suivantes.\u00a0 Dipl\u00f4me de SAERA L&#8217;\u00c9cole d&#8217;Enseignement Sup\u00e9rieur SAERA...\" \/>\n<meta property=\"og:url\" content=\"https:\/\/saera.eu\/fr\/nos-diplomes\/\" \/>\n<meta property=\"og:site_name\" content=\"Saera FR\" \/>\n<meta property=\"article:modified_time\" content=\"2026-03-05T10:57:14+00:00\" \/>\n<meta property=\"og:image\" content=\"https:\/\/saera.eu\/fr\/wp-content\/uploads\/2024\/08\/SAERA_fr2-2.jpg\" \/>\n\t<meta property=\"og:image:width\" content=\"1008\" \/>\n\t<meta property=\"og:image:height\" content=\"360\" \/>\n\t<meta property=\"og:image:type\" content=\"image\/jpeg\" \/>\n<meta name=\"twitter:card\" content=\"summary_large_image\" \/>\n<meta name=\"twitter:label1\" content=\"Dur\u00e9e de lecture estim\u00e9e\" \/>\n\t<meta name=\"twitter:data1\" content=\"3 minutes\" \/>\n<script type=\"application\/ld+json\" class=\"yoast-schema-graph\">{\"@context\":\"https:\\\/\\\/schema.org\",\"@graph\":[{\"@type\":\"WebPage\",\"@id\":\"https:\\\/\\\/saera.eu\\\/fr\\\/nos-diplomes\\\/\",\"url\":\"https:\\\/\\\/saera.eu\\\/fr\\\/nos-diplomes\\\/\",\"name\":\"Nos dipl\u00f4mes - Saera FR\",\"isPartOf\":{\"@id\":\"https:\\\/\\\/saera.eu\\\/fr\\\/#website\"},\"primaryImageOfPage\":{\"@id\":\"https:\\\/\\\/saera.eu\\\/fr\\\/nos-diplomes\\\/#primaryimage\"},\"image\":{\"@id\":\"https:\\\/\\\/saera.eu\\\/fr\\\/nos-diplomes\\\/#primaryimage\"},\"thumbnailUrl\":\"https:\\\/\\\/saera.eu\\\/fr\\\/wp-content\\\/uploads\\\/2024\\\/08\\\/SAERA_fr2-2.jpg\",\"datePublished\":\"2024-08-20T10:46:53+00:00\",\"dateModified\":\"2026-03-05T10:57:14+00:00\",\"breadcrumb\":{\"@id\":\"https:\\\/\\\/saera.eu\\\/fr\\\/nos-diplomes\\\/#breadcrumb\"},\"inLanguage\":\"fr-FR\",\"potentialAction\":[{\"@type\":\"ReadAction\",\"target\":[\"https:\\\/\\\/saera.eu\\\/fr\\\/nos-diplomes\\\/\"]}]},{\"@type\":\"ImageObject\",\"inLanguage\":\"fr-FR\",\"@id\":\"https:\\\/\\\/saera.eu\\\/fr\\\/nos-diplomes\\\/#primaryimage\",\"url\":\"https:\\\/\\\/saera.eu\\\/fr\\\/wp-content\\\/uploads\\\/2024\\\/08\\\/SAERA_fr2-2.jpg\",\"contentUrl\":\"https:\\\/\\\/saera.eu\\\/fr\\\/wp-content\\\/uploads\\\/2024\\\/08\\\/SAERA_fr2-2.jpg\",\"width\":1008,\"height\":360},{\"@type\":\"BreadcrumbList\",\"@id\":\"https:\\\/\\\/saera.eu\\\/fr\\\/nos-diplomes\\\/#breadcrumb\",\"itemListElement\":[{\"@type\":\"ListItem\",\"position\":1,\"name\":\"Portada\",\"item\":\"https:\\\/\\\/saera.eu\\\/fr\\\/\"},{\"@type\":\"ListItem\",\"position\":2,\"name\":\"Nos dipl\u00f4mes\"}]},{\"@type\":\"WebSite\",\"@id\":\"https:\\\/\\\/saera.eu\\\/fr\\\/#website\",\"url\":\"https:\\\/\\\/saera.eu\\\/fr\\\/\",\"name\":\"Saera FR\",\"description\":\"\u00c9cole Sup\u00e9rieure de Formation\",\"potentialAction\":[{\"@type\":\"SearchAction\",\"target\":{\"@type\":\"EntryPoint\",\"urlTemplate\":\"https:\\\/\\\/saera.eu\\\/fr\\\/?s={search_term_string}\"},\"query-input\":{\"@type\":\"PropertyValueSpecification\",\"valueRequired\":true,\"valueName\":\"search_term_string\"}}],\"inLanguage\":\"fr-FR\"}]}<\/script>\n<!-- \/ Yoast SEO plugin. -->","yoast_head_json":{"title":"Nos dipl\u00f4mes - Saera FR","robots":{"index":"index","follow":"follow","max-snippet":"max-snippet:-1","max-image-preview":"max-image-preview:large","max-video-preview":"max-video-preview:-1"},"canonical":"https:\/\/saera.eu\/fr\/nos-diplomes\/","og_locale":"fr_FR","og_type":"article","og_title":"Nos dipl\u00f4mes - Saera FR","og_description":"Lors de l&#8217;inscription, les \u00e9tudiants doivent choisir l&#8217;une des modalit\u00e9s de certification suivantes.\u00a0 Dipl\u00f4me de SAERA L&#8217;\u00c9cole d&#8217;Enseignement Sup\u00e9rieur SAERA...","og_url":"https:\/\/saera.eu\/fr\/nos-diplomes\/","og_site_name":"Saera FR","article_modified_time":"2026-03-05T10:57:14+00:00","og_image":[{"width":1008,"height":360,"url":"https:\/\/saera.eu\/fr\/wp-content\/uploads\/2024\/08\/SAERA_fr2-2.jpg","type":"image\/jpeg"}],"twitter_card":"summary_large_image","twitter_misc":{"Dur\u00e9e de lecture estim\u00e9e":"3 minutes"},"schema":{"@context":"https:\/\/schema.org","@graph":[{"@type":"WebPage","@id":"https:\/\/saera.eu\/fr\/nos-diplomes\/","url":"https:\/\/saera.eu\/fr\/nos-diplomes\/","name":"Nos dipl\u00f4mes - Saera FR","isPartOf":{"@id":"https:\/\/saera.eu\/fr\/#website"},"primaryImageOfPage":{"@id":"https:\/\/saera.eu\/fr\/nos-diplomes\/#primaryimage"},"image":{"@id":"https:\/\/saera.eu\/fr\/nos-diplomes\/#primaryimage"},"thumbnailUrl":"https:\/\/saera.eu\/fr\/wp-content\/uploads\/2024\/08\/SAERA_fr2-2.jpg","datePublished":"2024-08-20T10:46:53+00:00","dateModified":"2026-03-05T10:57:14+00:00","breadcrumb":{"@id":"https:\/\/saera.eu\/fr\/nos-diplomes\/#breadcrumb"},"inLanguage":"fr-FR","potentialAction":[{"@type":"ReadAction","target":["https:\/\/saera.eu\/fr\/nos-diplomes\/"]}]},{"@type":"ImageObject","inLanguage":"fr-FR","@id":"https:\/\/saera.eu\/fr\/nos-diplomes\/#primaryimage","url":"https:\/\/saera.eu\/fr\/wp-content\/uploads\/2024\/08\/SAERA_fr2-2.jpg","contentUrl":"https:\/\/saera.eu\/fr\/wp-content\/uploads\/2024\/08\/SAERA_fr2-2.jpg","width":1008,"height":360},{"@type":"BreadcrumbList","@id":"https:\/\/saera.eu\/fr\/nos-diplomes\/#breadcrumb","itemListElement":[{"@type":"ListItem","position":1,"name":"Portada","item":"https:\/\/saera.eu\/fr\/"},{"@type":"ListItem","position":2,"name":"Nos dipl\u00f4mes"}]},{"@type":"WebSite","@id":"https:\/\/saera.eu\/fr\/#website","url":"https:\/\/saera.eu\/fr\/","name":"Saera FR","description":"\u00c9cole Sup\u00e9rieure de Formation","potentialAction":[{"@type":"SearchAction","target":{"@type":"EntryPoint","urlTemplate":"https:\/\/saera.eu\/fr\/?s={search_term_string}"},"query-input":{"@type":"PropertyValueSpecification","valueRequired":true,"valueName":"search_term_string"}}],"inLanguage":"fr-FR"}]}},"_links":{"self":[{"href":"https:\/\/saera.eu\/fr\/wp-json\/wp\/v2\/pages\/13106","targetHints":{"allow":["GET"]}}],"collection":[{"href":"https:\/\/saera.eu\/fr\/wp-json\/wp\/v2\/pages"}],"about":[{"href":"https:\/\/saera.eu\/fr\/wp-json\/wp\/v2\/types\/page"}],"author":[{"embeddable":true,"href":"https:\/\/saera.eu\/fr\/wp-json\/wp\/v2\/users\/1"}],"replies":[{"embeddable":true,"href":"https:\/\/saera.eu\/fr\/wp-json\/wp\/v2\/comments?post=13106"}],"version-history":[{"count":40,"href":"https:\/\/saera.eu\/fr\/wp-json\/wp\/v2\/pages\/13106\/revisions"}],"predecessor-version":[{"id":17868,"href":"https:\/\/saera.eu\/fr\/wp-json\/wp\/v2\/pages\/13106\/revisions\/17868"}],"wp:attachment":[{"href":"https:\/\/saera.eu\/fr\/wp-json\/wp\/v2\/media?parent=13106"}],"curies":[{"name":"wp","href":"https:\/\/api.w.org\/{rel}","templated":true}]}}